{"id":460,"date":"2019-05-06T22:38:56","date_gmt":"2019-05-06T20:38:56","guid":{"rendered":"https:\/\/www.ibrharz.de\/?page_id=460"},"modified":"2023-04-08T10:49:57","modified_gmt":"2023-04-08T08:49:57","slug":"unsere-leistungen","status":"publish","type":"page","link":"https:\/\/www.ibrharz.de\/?page_id=460","title":{"rendered":"Unsere Leistungen"},"content":{"rendered":"\t\t<div data-elementor-type=\"wp-post\" data-elementor-id=\"460\" class=\"elementor elementor-460\">\n\t\t\t\t\t\t<section class=\"elementor-section elementor-top-section elementor-element elementor-element-32a5dbd elementor-section-boxed elementor-section-height-default elementor-section-height-default\" data-id=\"32a5dbd\" data-element_type=\"section\" data-e-type=\"section\">\n\t\t\t\t\t\t<div class=\"elementor-container elementor-column-gap-default\">\n\t\t\t\t\t<div class=\"elementor-column elementor-col-100 elementor-top-column elementor-element elementor-element-5690f0e\" data-id=\"5690f0e\" data-element_type=\"column\" data-e-type=\"column\">\n\t\t\t<div class=\"elementor-widget-wrap elementor-element-populated\">\n\t\t\t\t\t\t<div class=\"elementor-element elementor-element-9c34c3f elementor-widget elementor-widget-heading\" data-id=\"9c34c3f\" data-element_type=\"widget\" data-e-type=\"widget\" data-widget_type=\"heading.default\">\n\t\t\t\t<div class=\"elementor-widget-container\">\n\t\t\t\t\t<h2 class=\"elementor-heading-title elementor-size-default\">Unsere Kunden<\/h2>\t\t\t\t<\/div>\n\t\t\t\t<\/div>\n\t\t\t\t\t<\/div>\n\t\t<\/div>\n\t\t\t\t\t<\/div>\n\t\t<\/section>\n\t\t\t\t<section class=\"elementor-section elementor-top-section elementor-element elementor-element-5da7f67 elementor-section-boxed elementor-section-height-default elementor-section-height-default\" data-id=\"5da7f67\" data-element_type=\"section\" data-e-type=\"section\">\n\t\t\t\t\t\t<div class=\"elementor-container elementor-column-gap-default\">\n\t\t\t\t\t<div class=\"elementor-column elementor-col-100 elementor-top-column elementor-element elementor-element-ed50e97\" data-id=\"ed50e97\" data-element_type=\"column\" data-e-type=\"column\">\n\t\t\t<div class=\"elementor-widget-wrap elementor-element-populated\">\n\t\t\t\t\t\t<div class=\"elementor-element elementor-element-38c12d1 elementor-widget elementor-widget-text-editor\" data-id=\"38c12d1\" data-element_type=\"widget\" data-e-type=\"widget\" data-widget_type=\"text-editor.default\">\n\t\t\t\t<div class=\"elementor-widget-container\">\n\t\t\t\t\t\t\t\t\t<h4 style=\"text-align: center;\">Kleine und mittlere Unternehmen, \u00d6ffentliche Einrichtungen, Kommunen und Privatpersonen<\/h4>\t\t\t\t\t\t\t\t<\/div>\n\t\t\t\t<\/div>\n\t\t\t\t\t<\/div>\n\t\t<\/div>\n\t\t\t\t\t<\/div>\n\t\t<\/section>\n\t\t\t\t<section class=\"elementor-section elementor-top-section elementor-element elementor-element-25c88da elementor-section-boxed elementor-section-height-default elementor-section-height-default\" data-id=\"25c88da\" data-element_type=\"section\" data-e-type=\"section\">\n\t\t\t\t\t\t<div class=\"elementor-container elementor-column-gap-default\">\n\t\t\t\t\t<div class=\"elementor-column elementor-col-100 elementor-top-column elementor-element elementor-element-11977c1\" data-id=\"11977c1\" data-element_type=\"column\" data-e-type=\"column\">\n\t\t\t<div class=\"elementor-widget-wrap elementor-element-populated\">\n\t\t\t\t\t\t<div class=\"elementor-element elementor-element-006957b elementor-widget elementor-widget-text-editor\" data-id=\"006957b\" data-element_type=\"widget\" data-e-type=\"widget\" data-widget_type=\"text-editor.default\">\n\t\t\t\t<div class=\"elementor-widget-container\">\n\t\t\t\t\t\t\t\t\t<h5><\/h5>\n<h5><span style=\"text-decoration: underline; color: #ffffff;\">Wir bieten Ihnen<\/span><\/h5>\n<ul>\n \t<li>\n<h5><span style=\"color: #ffffff;\">Das gesamte Leistungsspektrum der Planung, Projektierung, Ausschreibung und Bau\u00fcberwachung f\u00fcr die technische Geb\u00e4udeausr\u00fcstung (Heizung,L\u00fcftung, Sanit\u00e4r, Elektro)<\/span><\/h5>\n<\/li>\n \t<li>\n<h5><span style=\"color: #ffffff;\">Konzepte zur Energieeinsparung (Geb\u00e4uded\u00e4mmung und Anlagentechnik)<\/span><\/h5>\n<\/li>\n \t<li>\n<h5><span style=\"color: #ffffff;\">Baubegleitung Geb\u00e4uded\u00e4mmung \/ energetische Sanierung<\/span><\/h5>\n<\/li>\n \t<li>\n<h5><span style=\"color: #ffffff;\">Energieversorgungskonzepte<\/span><\/h5>\n<\/li>\n \t<li>\n<h5><span style=\"color: #ffffff;\">Wirtschaftlichkeitsberechnungen und Machbarkeitsstudien<\/span><\/h5>\n<\/li>\n \t<li>\n<h5><span style=\"color: #ffffff;\">Erstellung Gef\u00e4hrdungsanalysen f\u00fcr Trinkwasser-Installationen<\/span><\/h5>\n<\/li>\n<\/ul>\n<h5><span style=\"text-decoration: underline; color: #ffffff;\">Unsere Spezialit\u00e4t<\/span><\/h5>\n<ul>\n \t<li>\n<h5><span style=\"color: #ffffff;\">Integrale Planung, d.h. Betrachtung des gesamten Objektes (Bausubstanz, D\u00e4mmung, Haustechnik, Energievertr\u00e4ge, Anforderungen und Verhalten der Nutzer)<\/span><\/h5>\n<\/li>\n \t<li>\n<h5><span style=\"color: #ffffff;\">Bundesf\u00f6rderung f\u00fcr effiziente Geb\u00e4ude (BEG)<\/span><\/h5>\n<\/li>\n \t<li>\n<h5><span style=\"color: #ffffff;\">Konzepte zur Wirtschaftlichkeit und technischen Machbarkeit von Sanierungsma\u00dfnahmen der Geb\u00e4udetechnik und der Geb\u00e4udeh\u00fclle (W\u00e4rmed\u00e4mmung)<\/span><\/h5>\n<\/li>\n \t<li>\n<h5><span style=\"color: #ffffff;\">Automatische Holzfeuerungsanlagen<\/span><\/h5>\n<\/li>\n \t<li>\n<h5><span style=\"color: #ffffff;\">Erneuerbare Energien und Kraft-W\u00e4rme-Kopplung<\/span><\/h5>\n<\/li>\n<\/ul>\n<h5><span style=\"color: #ffffff;\">Den erforderlichen Leistungsumfang kl\u00e4ren wir vorab gemeinsam mit Ihnen!<\/span><\/h5>\t\t\t\t\t\t\t\t<\/div>\n\t\t\t\t<\/div>\n\t\t\t\t\t<\/div>\n\t\t<\/div>\n\t\t\t\t\t<\/div>\n\t\t<\/section>\n\t\t\t\t<section class=\"elementor-section elementor-top-section elementor-element elementor-element-e8dac05 elementor-section-boxed elementor-section-height-default elementor-section-height-default\" data-id=\"e8dac05\" data-element_type=\"section\" data-e-type=\"section\">\n\t\t\t\t\t\t<div class=\"elementor-container elementor-column-gap-default\">\n\t\t\t\t\t<div class=\"elementor-column elementor-col-100 elementor-top-column elementor-element elementor-element-548731a\" data-id=\"548731a\" data-element_type=\"column\" data-e-type=\"column\">\n\t\t\t<div class=\"elementor-widget-wrap elementor-element-populated\">\n\t\t\t\t\t\t<div class=\"elementor-element elementor-element-7e41638 elementor-widget elementor-widget-spacer\" data-id=\"7e41638\" data-element_type=\"widget\" data-e-type=\"widget\" data-widget_type=\"spacer.default\">\n\t\t\t\t<div class=\"elementor-widget-container\">\n\t\t\t\t\t\t\t<div class=\"elementor-spacer\">\n\t\t\t<div class=\"elementor-spacer-inner\"><\/div>\n\t\t<\/div>\n\t\t\t\t\t\t<\/div>\n\t\t\t\t<\/div>\n\t\t\t\t\t<\/div>\n\t\t<\/div>\n\t\t\t\t\t<\/div>\n\t\t<\/section>\n\t\t\t\t<\/div>\n\t\t","protected":false},"excerpt":{"rendered":"<p>Unsere Kunden Kleine und mittlere Unternehmen, \u00d6ffentliche Einrichtungen, Kommunen und Privatpersonen Wir bieten Ihnen Das gesamte Leistungsspektrum der Planung, Projektierung, Ausschreibung und Bau\u00fcberwachung f\u00fcr die technische Geb\u00e4udeausr\u00fcstung (Heizung,L\u00fcftung, Sanit\u00e4r, Elektro) Konzepte zur Energieeinsparung (Geb\u00e4uded\u00e4mmung und Anlagentechnik) Baubegleitung Geb\u00e4uded\u00e4mmung \/ energetische Sanierung Energieversorgungskonzepte Wirtschaftlichkeitsberechnungen und Machbarkeitsstudien Erstellung Gef\u00e4hrdungsanalysen f\u00fcr Trinkwasser-Installationen Unsere Spezialit\u00e4t Integrale Planung, d.h. Betrachtung [&hellip;]<\/p>\n","protected":false},"author":52,"featured_media":0,"parent":0,"menu_order":0,"comment_status":"closed","ping_status":"closed","template":"","meta":{"ocean_post_layout":"full-screen","ocean_both_sidebars_style":"","ocean_both_sidebars_content_width":0,"ocean_both_sidebars_sidebars_width":0,"ocean_sidebar":"0","ocean_second_sidebar":"0","ocean_disable_margins":"enable","ocean_add_body_class":"","ocean_shortcode_before_top_bar":"","ocean_shortcode_after_top_bar":"","ocean_shortcode_before_header":"","ocean_shortcode_after_header":"","ocean_has_shortcode":"","ocean_shortcode_after_title":"","ocean_shortcode_before_footer_widgets":"","ocean_shortcode_after_footer_widgets":"","ocean_shortcode_before_footer_bottom":"","ocean_shortcode_after_footer_bottom":"","ocean_display_top_bar":"off","ocean_display_header":"default","ocean_header_style":"","ocean_center_header_left_menu":"0","ocean_custom_header_template":"0","ocean_custom_logo":0,"ocean_custom_retina_logo":0,"ocean_custom_logo_max_width":0,"ocean_custom_logo_tablet_max_width":0,"ocean_custom_logo_mobile_max_width":0,"ocean_custom_logo_max_height":0,"ocean_custom_logo_tablet_max_height":0,"ocean_custom_logo_mobile_max_height":0,"ocean_header_custom_menu":"0","ocean_menu_typo_font_family":"0","ocean_menu_typo_font_subset":"","ocean_menu_typo_font_size":0,"ocean_menu_typo_font_size_tablet":0,"ocean_menu_typo_font_size_mobile":0,"ocean_menu_typo_font_size_unit":"px","ocean_menu_typo_font_weight":"","ocean_menu_typo_font_weight_tablet":"","ocean_menu_typo_font_weight_mobile":"","ocean_menu_typo_transform":"","ocean_menu_typo_transform_tablet":"","ocean_menu_typo_transform_mobile":"","ocean_menu_typo_line_height":0,"ocean_menu_typo_line_height_tablet":0,"ocean_menu_typo_line_height_mobile":0,"ocean_menu_typo_line_height_unit":"","ocean_menu_typo_spacing":0,"ocean_menu_typo_spacing_tablet":0,"ocean_menu_typo_spacing_mobile":0,"ocean_menu_typo_spacing_unit":"","ocean_menu_link_color":"","ocean_menu_link_color_hover":"","ocean_menu_link_color_active":"","ocean_menu_link_background":"","ocean_menu_link_hover_background":"","ocean_menu_link_active_background":"","ocean_menu_social_links_bg":"","ocean_menu_social_hover_links_bg":"","ocean_menu_social_links_color":"","ocean_menu_social_hover_links_color":"","ocean_disable_title":"on","ocean_disable_heading":"default","ocean_post_title":"","ocean_post_subheading":"","ocean_post_title_style":"","ocean_post_title_background_color":"","ocean_post_title_background":0,"ocean_post_title_bg_image_position":"","ocean_post_title_bg_image_attachment":"","ocean_post_title_bg_image_repeat":"","ocean_post_title_bg_image_size":"","ocean_post_title_height":0,"ocean_post_title_bg_overlay":0.5,"ocean_post_title_bg_overlay_color":"","ocean_disable_breadcrumbs":"default","ocean_breadcrumbs_color":"","ocean_breadcrumbs_separator_color":"","ocean_breadcrumbs_links_color":"","ocean_breadcrumbs_links_hover_color":"","ocean_display_footer_widgets":"default","ocean_display_footer_bottom":"default","ocean_custom_footer_template":"0","footnotes":""},"class_list":["post-460","page","type-page","status-publish","hentry","entry"],"_links":{"self":[{"href":"https:\/\/www.ibrharz.de\/index.php?rest_route=\/wp\/v2\/pages\/460","targetHints":{"allow":["GET"]}}],"collection":[{"href":"https:\/\/www.ibrharz.de\/index.php?rest_route=\/wp\/v2\/pages"}],"about":[{"href":"https:\/\/www.ibrharz.de\/index.php?rest_route=\/wp\/v2\/types\/page"}],"author":[{"embeddable":true,"href":"https:\/\/www.ibrharz.de\/index.php?rest_route=\/wp\/v2\/users\/52"}],"replies":[{"embeddable":true,"href":"https:\/\/www.ibrharz.de\/index.php?rest_route=%2Fwp%2Fv2%2Fcomments&post=460"}],"version-history":[{"count":38,"href":"https:\/\/www.ibrharz.de\/index.php?rest_route=\/wp\/v2\/pages\/460\/revisions"}],"predecessor-version":[{"id":941,"href":"https:\/\/www.ibrharz.de\/index.php?rest_route=\/wp\/v2\/pages\/460\/revisions\/941"}],"wp:attachment":[{"href":"https:\/\/www.ibrharz.de\/index.php?rest_route=%2Fwp%2Fv2%2Fmedia&parent=460"}],"curies":[{"name":"wp","href":"https:\/\/api.w.org\/{rel}","templated":true}]}}