{"id":586,"date":"2019-05-22T08:36:39","date_gmt":"2019-05-22T06:36:39","guid":{"rendered":"https:\/\/www.ibrharz.de\/?page_id=586"},"modified":"2023-02-05T12:52:01","modified_gmt":"2023-02-05T11:52:01","slug":"datenschutzerklaerung","status":"publish","type":"page","link":"https:\/\/www.ibrharz.de\/?page_id=586","title":{"rendered":"Datenschutzerkl\u00e4rung"},"content":{"rendered":"\t\t<div data-elementor-type=\"wp-post\" data-elementor-id=\"586\" class=\"elementor elementor-586\">\n\t\t\t\t\t\t<section class=\"elementor-section elementor-top-section elementor-element elementor-element-738c77f elementor-section-boxed elementor-section-height-default elementor-section-height-default\" data-id=\"738c77f\" data-element_type=\"section\" data-e-type=\"section\">\n\t\t\t\t\t\t<div class=\"elementor-container elementor-column-gap-default\">\n\t\t\t\t\t<div class=\"elementor-column elementor-col-100 elementor-top-column elementor-element elementor-element-f89e3d7\" data-id=\"f89e3d7\" data-element_type=\"column\" data-e-type=\"column\">\n\t\t\t<div class=\"elementor-widget-wrap elementor-element-populated\">\n\t\t\t\t\t\t<div class=\"elementor-element elementor-element-6942d1c elementor-widget elementor-widget-text-editor\" data-id=\"6942d1c\" data-element_type=\"widget\" data-e-type=\"widget\" data-widget_type=\"text-editor.default\">\n\t\t\t\t<div class=\"elementor-widget-container\">\n\t\t\t\t\t\t\t\t\t<h4><span style=\"color: #ffffff;\">Allgemeine Hinweise<\/span><\/h4><p><span style=\"color: #ffffff;\">Jegliche Daten, die Sie \u00fcber die Webseite <a style=\"color: #ffffff;\" href=\"https:\/\/www.ibrharz.de\">www.ibrharz.de<\/a> zur Verf\u00fcgung stellen, werden im Einklang mit den anwendbaren datenschutzrechtlichen Bestimmungen erhoben und genutzt. Diese Datenschutzerkl\u00e4rung bezieht sich nur auf unsere Webseite. Falls Sie \u00fcber Links auf unseren Seiten auf andere Seiten weitergeleitet werden, informieren Sie sich bitte dort \u00fcber den jeweiligen Umgang mit Ihren Daten.<\/span><\/p><h4><span style=\"color: #ffffff;\">Datenerfassung auf unserer Webseite<\/span><\/h4><p><span style=\"color: #ffffff;\">1. Allgemeine Personenbezogene Daten sind alle Daten, die auf Sie pers\u00f6nlich beziehbar sind, z. B. Name, Adresse, E-Mail-Adressen, Nutzerverhalten. Die nachfolgenden Vorschriften informieren Sie \u00fcber Art, Umfang und Zweck der Erhebung, Verarbeitung und Nutzung Ihrer personenbezogenen Daten.<\/span><\/p><p><span style=\"color: #ffffff;\">Verantwortlicher gem. Art. 4 Abs. 7 EU-Datenschutz-Grundverordnung (DSGVO) ist:\u00a0 Herr Marcus Bollmann, E-Mail: <a style=\"color: #ffffff;\" href=\"mailto:datenschutz@ibrharz.de\">datenschutz(at)ibrharz.de<\/a><\/span><\/p><p><span style=\"color: #ffffff;\">2. Automatische Datenerfassung und Schutz der Seite gegen\u00fcber Bot-Angriffen \u00fcber reCAPTCHA. Bei der blo\u00df informatorischen Nutzung der Website, also wenn Sie sich nicht registrieren oder uns anderweitig Informationen \u00fcbermitteln, erheben wir nur die personenbezogenen Daten, die Ihr Browser an unseren Server \u00fcbermittelt. Die genannten Daten werden durch uns zu folgenden Zwecken verarbeitet:<\/span><\/p><ul><li><span style=\"color: #ffffff;\">Gew\u00e4hrleistung eines reibungslosen Verbindungsaufbaus der Website,<\/span><\/li><li><span style=\"color: #ffffff;\">Gew\u00e4hrleistung einer komfortablen Nutzung unserer Website,<\/span><\/li><li><span style=\"color: #ffffff;\">Auswertung der Systemsicherheit und -stabilit\u00e4t sowie zu weiteren administrativen Zwecken.<\/span><\/li><\/ul><p><span style=\"font-size: 14px; color: #ffffff;\">3. Informationen \u00fcber Cookies: Wir verwenden Cookies, um zwischen Menschen und Bots zu unterscheiden. Es wird eine eindeutige ID registriert, die den Benutzer \u00fcber das Ger\u00e4t identifiziert. Wenn Sie &#8222;Cookies zulassen&#8220; ausw\u00e4hlen wird die ID ggf. f\u00fcr gezielte Werbung durch Google genutzt.\u00a0<\/span><\/p><p><span style=\"color: #ffffff; font-size: 14px; background-color: transparent;\">4. Nutzung unseres Webshops: Wir betreiben auf unserer Seite keinen Webshop.<\/span><\/p><p><span style=\"color: #ffffff;\">5. Newsletter: Wir bieten auf unserer Internetseite keinen Newsletter an.<\/span><\/p><p><span style=\"color: #ffffff;\">6. Aktualit\u00e4t und \u00c4nderung dieser Datenschutzerkl\u00e4rung Diese Datenschutzerkl\u00e4rung ist aktuell g\u00fcltig und hat den Stand Mai 2019. Durch die Weiterentwicklung unserer Website und Angebote dar\u00fcber oder aufgrund ge\u00e4nderter gesetzlicher beziehungsweise beh\u00f6rdlicher Vorgaben kann es notwendig werden, diese Datenschutzerkl\u00e4rung zu \u00e4ndern.<\/span><\/p>\t\t\t\t\t\t\t\t<\/div>\n\t\t\t\t<\/div>\n\t\t\t\t\t<\/div>\n\t\t<\/div>\n\t\t\t\t\t<\/div>\n\t\t<\/section>\n\t\t\t\t<\/div>\n\t\t","protected":false},"excerpt":{"rendered":"<p>Allgemeine Hinweise Jegliche Daten, die Sie \u00fcber die Webseite www.ibrharz.de zur Verf\u00fcgung stellen, werden im Einklang mit den anwendbaren datenschutzrechtlichen Bestimmungen erhoben und genutzt. Diese Datenschutzerkl\u00e4rung bezieht sich nur auf unsere Webseite. Falls Sie \u00fcber Links auf unseren Seiten auf andere Seiten weitergeleitet werden, informieren Sie sich bitte dort \u00fcber den jeweiligen Umgang mit Ihren [&hellip;]<\/p>\n","protected":false},"author":52,"featured_media":0,"parent":0,"menu_order":0,"comment_status":"closed","ping_status":"closed","template":"","meta":{"ocean_post_layout":"full-screen","ocean_both_sidebars_style":"","ocean_both_sidebars_content_width":0,"ocean_both_sidebars_sidebars_width":0,"ocean_sidebar":"0","ocean_second_sidebar":"0","ocean_disable_margins":"enable","ocean_add_body_class":"","ocean_shortcode_before_top_bar":"","ocean_shortcode_after_top_bar":"","ocean_shortcode_before_header":"","ocean_shortcode_after_header":"","ocean_has_shortcode":"","ocean_shortcode_after_title":"","ocean_shortcode_before_footer_widgets":"","ocean_shortcode_after_footer_widgets":"","ocean_shortcode_before_footer_bottom":"","ocean_shortcode_after_footer_bottom":"","ocean_display_top_bar":"off","ocean_display_header":"default","ocean_header_style":"","ocean_center_header_left_menu":"0","ocean_custom_header_template":"0","ocean_custom_logo":0,"ocean_custom_retina_logo":0,"ocean_custom_logo_max_width":0,"ocean_custom_logo_tablet_max_width":0,"ocean_custom_logo_mobile_max_width":0,"ocean_custom_logo_max_height":0,"ocean_custom_logo_tablet_max_height":0,"ocean_custom_logo_mobile_max_height":0,"ocean_header_custom_menu":"0","ocean_menu_typo_font_family":"0","ocean_menu_typo_font_subset":"","ocean_menu_typo_font_size":0,"ocean_menu_typo_font_size_tablet":0,"ocean_menu_typo_font_size_mobile":0,"ocean_menu_typo_font_size_unit":"px","ocean_menu_typo_font_weight":"","ocean_menu_typo_font_weight_tablet":"","ocean_menu_typo_font_weight_mobile":"","ocean_menu_typo_transform":"","ocean_menu_typo_transform_tablet":"","ocean_menu_typo_transform_mobile":"","ocean_menu_typo_line_height":0,"ocean_menu_typo_line_height_tablet":0,"ocean_menu_typo_line_height_mobile":0,"ocean_menu_typo_line_height_unit":"","ocean_menu_typo_spacing":0,"ocean_menu_typo_spacing_tablet":0,"ocean_menu_typo_spacing_mobile":0,"ocean_menu_typo_spacing_unit":"","ocean_menu_link_color":"","ocean_menu_link_color_hover":"","ocean_menu_link_color_active":"","ocean_menu_link_background":"","ocean_menu_link_hover_background":"","ocean_menu_link_active_background":"","ocean_menu_social_links_bg":"","ocean_menu_social_hover_links_bg":"","ocean_menu_social_links_color":"","ocean_menu_social_hover_links_color":"","ocean_disable_title":"on","ocean_disable_heading":"default","ocean_post_title":"","ocean_post_subheading":"","ocean_post_title_style":"","ocean_post_title_background_color":"","ocean_post_title_background":0,"ocean_post_title_bg_image_position":"","ocean_post_title_bg_image_attachment":"","ocean_post_title_bg_image_repeat":"","ocean_post_title_bg_image_size":"","ocean_post_title_height":0,"ocean_post_title_bg_overlay":0.5,"ocean_post_title_bg_overlay_color":"","ocean_disable_breadcrumbs":"default","ocean_breadcrumbs_color":"","ocean_breadcrumbs_separator_color":"","ocean_breadcrumbs_links_color":"","ocean_breadcrumbs_links_hover_color":"","ocean_display_footer_widgets":"default","ocean_display_footer_bottom":"default","ocean_custom_footer_template":"0","footnotes":""},"class_list":["post-586","page","type-page","status-publish","hentry","entry"],"_links":{"self":[{"href":"https:\/\/www.ibrharz.de\/index.php?rest_route=\/wp\/v2\/pages\/586","targetHints":{"allow":["GET"]}}],"collection":[{"href":"https:\/\/www.ibrharz.de\/index.php?rest_route=\/wp\/v2\/pages"}],"about":[{"href":"https:\/\/www.ibrharz.de\/index.php?rest_route=\/wp\/v2\/types\/page"}],"author":[{"embeddable":true,"href":"https:\/\/www.ibrharz.de\/index.php?rest_route=\/wp\/v2\/users\/52"}],"replies":[{"embeddable":true,"href":"https:\/\/www.ibrharz.de\/index.php?rest_route=%2Fwp%2Fv2%2Fcomments&post=586"}],"version-history":[{"count":34,"href":"https:\/\/www.ibrharz.de\/index.php?rest_route=\/wp\/v2\/pages\/586\/revisions"}],"predecessor-version":[{"id":997,"href":"https:\/\/www.ibrharz.de\/index.php?rest_route=\/wp\/v2\/pages\/586\/revisions\/997"}],"wp:attachment":[{"href":"https:\/\/www.ibrharz.de\/index.php?rest_route=%2Fwp%2Fv2%2Fmedia&parent=586"}],"curies":[{"name":"wp","href":"https:\/\/api.w.org\/{rel}","templated":true}]}}